{"id":4060,"date":"2023-06-26T13:08:36","date_gmt":"2023-06-26T13:08:36","guid":{"rendered":"https:\/\/actua2011.es\/?page_id=4060"},"modified":"2023-07-28T07:33:05","modified_gmt":"2023-07-28T07:33:05","slug":"nosotros","status":"publish","type":"page","link":"https:\/\/actua2011.es\/index.php\/nosotros\/","title":{"rendered":"Nosotros"},"content":{"rendered":"\t\t<div data-elementor-type=\"wp-page\" data-elementor-id=\"4060\" class=\"elementor elementor-4060\">\n\t\t\t\t\t\t\t\t\t<section class=\"elementor-section elementor-top-section elementor-element elementor-element-62f68b5 elementor-section-stretched elementor-section-boxed elementor-section-height-default elementor-section-height-default\" data-id=\"62f68b5\" data-element_type=\"section\" data-settings=\"{&quot;stretch_section&quot;:&quot;section-stretched&quot;}\">\n\t\t\t\t\t\t<div class=\"elementor-container elementor-column-gap-extended\">\n\t\t\t\t\t<div class=\"elementor-column elementor-col-100 elementor-top-column elementor-element elementor-element-d88d9fc\" data-id=\"d88d9fc\" data-element_type=\"column\">\n\t\t\t<div class=\"elementor-widget-wrap elementor-element-populated\">\n\t\t\t\t\t\t\t\t<div class=\"elementor-element elementor-element-2c75355 elementor-widget elementor-widget-apus_element_heading\" data-id=\"2c75355\" data-element_type=\"widget\" data-widget_type=\"apus_element_heading.default\">\n\t\t\t\t<div class=\"elementor-widget-container\">\n\t\t\t<div class=\"apus-heading l-center \"><h2 class=\"heading-title\"><span>Nosotros<\/span><\/h2><div class=\"wt-separator-outer\">\n                            <div class=\"wt-separator\">\n                                <span class=\"separator-left bg-theme\"><\/span>\n                                <span class=\"separator-right bg-theme\"><\/span>\n                            <\/div>\n                        <\/div><div class=\"sub\"><div class=\"sub-title-inside\">Actua 2011 Obres i Serveis, S.L.<\/div><\/div><\/div>\t\t<\/div>\n\t\t\t\t<\/div>\n\t\t\t\t\t<\/div>\n\t\t<\/div>\n\t\t\t\t\t\t\t<\/div>\n\t\t<\/section>\n\t\t\t\t<section class=\"elementor-section elementor-top-section elementor-element elementor-element-5d38cf0 elementor-section-stretched elementor-section-boxed elementor-section-height-default elementor-section-height-default\" data-id=\"5d38cf0\" data-element_type=\"section\" data-settings=\"{&quot;stretch_section&quot;:&quot;section-stretched&quot;}\">\n\t\t\t\t\t\t<div class=\"elementor-container elementor-column-gap-extended\">\n\t\t\t\t\t<div class=\"elementor-column elementor-col-50 elementor-top-column elementor-element elementor-element-969133f\" data-id=\"969133f\" data-element_type=\"column\">\n\t\t\t<div class=\"elementor-widget-wrap elementor-element-populated\">\n\t\t\t\t\t\t\t\t<div class=\"elementor-element elementor-element-bf36681 elementor-widget__width-initial elementor-widget-tablet__width-initial elementor-widget elementor-widget-apus_element_banner\" data-id=\"bf36681\" data-element_type=\"widget\" data-widget_type=\"apus_element_banner.default\">\n\t\t\t\t<div class=\"elementor-widget-container\">\n\t\t\t        <div class=\"widget-banner  style2\">\n                            <div class=\"banner-image-bg\" style=\"background-image:url(https:\/\/actua2011.es\/wp-content\/uploads\/2023\/07\/IMG_1844-scaled-e1690361291538.jpg)\"><\/div>                   \n            \n            <div class=\"widget-banner-inner \">\n                                <div class=\"widget-banner-content\">\n                                    <\/div>\n                            <\/div>\n        <\/div>\n        \t\t<\/div>\n\t\t\t\t<\/div>\n\t\t\t\t<div class=\"elementor-element elementor-element-2924e31 elementor-widget__width-initial elementor-widget-tablet__width-initial elementor-widget elementor-widget-apus_element_banner\" data-id=\"2924e31\" data-element_type=\"widget\" data-widget_type=\"apus_element_banner.default\">\n\t\t\t\t<div class=\"elementor-widget-container\">\n\t\t\t        <div class=\"widget-banner  style2\">\n                            <div class=\"banner-image-bg\" style=\"background-image:url(https:\/\/actua2011.es\/wp-content\/uploads\/2023\/07\/IMG_0299-1-scaled.jpg)\"><\/div>                   \n            \n            <div class=\"widget-banner-inner \">\n                                <div class=\"widget-banner-content\">\n                                    <\/div>\n                            <\/div>\n        <\/div>\n        \t\t<\/div>\n\t\t\t\t<\/div>\n\t\t\t\t\t<\/div>\n\t\t<\/div>\n\t\t\t\t<div class=\"elementor-column elementor-col-50 elementor-top-column elementor-element elementor-element-1058d42\" data-id=\"1058d42\" data-element_type=\"column\">\n\t\t\t<div class=\"elementor-widget-wrap elementor-element-populated\">\n\t\t\t\t\t\t\t\t<div class=\"elementor-element elementor-element-3bbd28b elementor-widget elementor-widget-heading\" data-id=\"3bbd28b\" data-element_type=\"widget\" data-widget_type=\"heading.default\">\n\t\t\t\t<div class=\"elementor-widget-container\">\n\t\t\t<style>\/*! elementor - v3.17.0 - 08-11-2023 *\/\n.elementor-heading-title{padding:0;margin:0;line-height:1}.elementor-widget-heading .elementor-heading-title[class*=elementor-size-]>a{color:inherit;font-size:inherit;line-height:inherit}.elementor-widget-heading .elementor-heading-title.elementor-size-small{font-size:15px}.elementor-widget-heading .elementor-heading-title.elementor-size-medium{font-size:19px}.elementor-widget-heading .elementor-heading-title.elementor-size-large{font-size:29px}.elementor-widget-heading .elementor-heading-title.elementor-size-xl{font-size:39px}.elementor-widget-heading .elementor-heading-title.elementor-size-xxl{font-size:59px}<\/style><h2 class=\"elementor-heading-title elementor-size-default\">Soy Miguel Angel<\/h2>\t\t<\/div>\n\t\t\t\t<\/div>\n\t\t\t\t<div class=\"elementor-element elementor-element-a0f168d elementor-widget elementor-widget-heading\" data-id=\"a0f168d\" data-element_type=\"widget\" data-widget_type=\"heading.default\">\n\t\t\t\t<div class=\"elementor-widget-container\">\n\t\t\t<h3 class=\"elementor-heading-title elementor-size-default\">Responsable de la Empresa ACTUA 2011 Obres i Serveis, S.L. y tu principal contacto cuando necesites realizar una reforma.<\/h3>\t\t<\/div>\n\t\t\t\t<\/div>\n\t\t\t\t<div class=\"elementor-element elementor-element-c427ff4 elementor-widget elementor-widget-heading\" data-id=\"c427ff4\" data-element_type=\"widget\" data-widget_type=\"heading.default\">\n\t\t\t\t<div class=\"elementor-widget-container\">\n\t\t\t<p class=\"elementor-heading-title elementor-size-default\">Nos enorgullece contar con una dilatada experiencia en el mundo de la reforma y la\nconstrucci\u00f3n en general y con un equipo t\u00e9cnico especializado que est\u00e1 a la vanguardia de las\n\u00faltimas tendencias y t\u00e9cnicas de construcci\u00f3n. Trabajamos con materiales de alta calidad y\ncontamos con proveedores de confianza para garantizar resultados excepcionales en cada\nproyecto.\n<\/p>\t\t<\/div>\n\t\t\t\t<\/div>\n\t\t\t\t\t<\/div>\n\t\t<\/div>\n\t\t\t\t\t\t\t<\/div>\n\t\t<\/section>\n\t\t\t\t<section class=\"elementor-section elementor-top-section elementor-element elementor-element-a7795ec elementor-section-stretched elementor-section-boxed elementor-section-height-default elementor-section-height-default\" data-id=\"a7795ec\" data-element_type=\"section\" data-settings=\"{&quot;stretch_section&quot;:&quot;section-stretched&quot;,&quot;background_background&quot;:&quot;classic&quot;}\">\n\t\t\t\t\t\t\t<div class=\"elementor-background-overlay\"><\/div>\n\t\t\t\t\t\t\t<div class=\"elementor-container elementor-column-gap-extended\">\n\t\t\t\t\t<div class=\"elementor-column elementor-col-100 elementor-top-column elementor-element elementor-element-ab34e70\" data-id=\"ab34e70\" data-element_type=\"column\">\n\t\t\t<div class=\"elementor-widget-wrap elementor-element-populated\">\n\t\t\t\t\t\t\t\t<div class=\"elementor-element elementor-element-e865231 elementor-widget elementor-widget-image\" data-id=\"e865231\" data-element_type=\"widget\" data-widget_type=\"image.default\">\n\t\t\t\t<div class=\"elementor-widget-container\">\n\t\t\t<style>\/*! elementor - v3.17.0 - 08-11-2023 *\/\n.elementor-widget-image{text-align:center}.elementor-widget-image a{display:inline-block}.elementor-widget-image a img[src$=\".svg\"]{width:48px}.elementor-widget-image img{vertical-align:middle;display:inline-block}<\/style>\t\t\t\t\t\t\t\t\t\t\t\t<img decoding=\"async\" src=\"https:\/\/actua2011.es\/wp-content\/uploads\/elementor\/thumbs\/home-icon-q8iter69vcmhczmgscig60a7v5tvg2orgpivhkg01u.png\" title=\"home-icon\" alt=\"home-icon\" loading=\"lazy\" \/>\t\t\t\t\t\t\t\t\t\t\t\t\t\t\t<\/div>\n\t\t\t\t<\/div>\n\t\t\t\t<div class=\"elementor-element elementor-element-b72f589 elementor-widget__width-initial elementor-widget-tablet__width-initial elementor-widget-mobile__width-initial elementor-widget elementor-widget-heading\" data-id=\"b72f589\" data-element_type=\"widget\" data-widget_type=\"heading.default\">\n\t\t\t\t<div class=\"elementor-widget-container\">\n\t\t\t<h2 class=\"elementor-heading-title elementor-size-default\">Actua 2011 Obres i Serveis S.L. es la empresa de reformas que necesitas..<\/h2>\t\t<\/div>\n\t\t\t\t<\/div>\n\t\t\t\t<div class=\"elementor-element elementor-element-bdc891d elementor-widget__width-initial elementor-widget-tablet__width-initial elementor-widget-mobile__width-initial elementor-widget elementor-widget-heading\" data-id=\"bdc891d\" data-element_type=\"widget\" data-widget_type=\"heading.default\">\n\t\t\t\t<div class=\"elementor-widget-container\">\n\t\t\t<p class=\"elementor-heading-title elementor-size-default\">Nuestra dilatada experiencia, nuestro personal propio y los diferentes industriales con los que trabajamos desde hace m\u00e1s de 30 a\u00f1os hace que seamos la empresa de reformas que esperabas.<\/p>\t\t<\/div>\n\t\t\t\t<\/div>\n\t\t\t\t\t<\/div>\n\t\t<\/div>\n\t\t\t\t\t\t\t<\/div>\n\t\t<\/section>\n\t\t\t\t<section class=\"elementor-section elementor-top-section elementor-element elementor-element-d5ec006 elementor-section-stretched elementor-section-boxed elementor-section-height-default elementor-section-height-default\" data-id=\"d5ec006\" data-element_type=\"section\" data-settings=\"{&quot;stretch_section&quot;:&quot;section-stretched&quot;,&quot;background_background&quot;:&quot;classic&quot;}\">\n\t\t\t\t\t\t<div class=\"elementor-container elementor-column-gap-extended\">\n\t\t\t\t\t<div class=\"elementor-column elementor-col-100 elementor-top-column elementor-element elementor-element-96b6cfe\" data-id=\"96b6cfe\" data-element_type=\"column\">\n\t\t\t<div class=\"elementor-widget-wrap\">\n\t\t\t\t\t\t\t\t\t<\/div>\n\t\t<\/div>\n\t\t\t\t\t\t\t<\/div>\n\t\t<\/section>\n\t\t\t\t\t\t\t<\/div>\n\t\t","protected":false},"excerpt":{"rendered":"<p>Nosotros Actua 2011 Obres i Serveis, S.L. Soy Miguel Angel Responsable de la Empresa ACTUA 2011 Obres i Serveis, S.L. y tu principal contacto cuando necesites realizar una reforma. Nos enorgullece contar con una dilatada experiencia en el mundo de la reforma y la construcci\u00f3n en general y con un equipo t\u00e9cnico especializado que est\u00e1 &hellip; <br \/><a href=\"https:\/\/actua2011.es\/index.php\/nosotros\/\" class=\"more-link\">Continue reading <span class=\"screen-reader-text\">Nosotros<\/span><\/a><\/p>\n","protected":false},"author":1,"featured_media":0,"parent":0,"menu_order":0,"comment_status":"closed","ping_status":"closed","template":"","meta":{"footnotes":""},"class_list":["post-4060","page","type-page","status-publish","hentry"],"yoast_head":"<!-- This site is optimized with the Yoast SEO plugin v23.4 - https:\/\/yoast.com\/wordpress\/plugins\/seo\/ -->\n<title>Nosotros - Actua 2011 s.l<\/title>\n<meta name=\"robots\" content=\"index, follow, max-snippet:-1, max-image-preview:large, max-video-preview:-1\" \/>\n<link rel=\"canonical\" href=\"https:\/\/actua2011.es\/index.php\/nosotros\/\" \/>\n<meta property=\"og:locale\" content=\"es_ES\" \/>\n<meta property=\"og:type\" content=\"article\" \/>\n<meta property=\"og:title\" content=\"Nosotros - Actua 2011 s.l\" \/>\n<meta property=\"og:description\" content=\"Nosotros Actua 2011 Obres i Serveis, S.L. Soy Miguel Angel Responsable de la Empresa ACTUA 2011 Obres i Serveis, S.L. y tu principal contacto cuando necesites realizar una reforma. Nos enorgullece contar con una dilatada experiencia en el mundo de la reforma y la construcci\u00f3n en general y con un equipo t\u00e9cnico especializado que est\u00e1 &hellip; Continue reading Nosotros\" \/>\n<meta property=\"og:url\" content=\"https:\/\/actua2011.es\/index.php\/nosotros\/\" \/>\n<meta property=\"og:site_name\" content=\"Actua 2011 s.l\" \/>\n<meta property=\"article:publisher\" content=\"https:\/\/www.facebook.com\/www.actua2011.es\/?locale=es_ES\" \/>\n<meta property=\"article:modified_time\" content=\"2023-07-28T07:33:05+00:00\" \/>\n<meta property=\"og:image\" content=\"https:\/\/actua2011.es\/wp-content\/uploads\/elementor\/thumbs\/home-icon-q8iter69vcmhczmgscig60a7v5tvg2orgpivhkg01u.png\" \/>\n<meta name=\"twitter:card\" content=\"summary_large_image\" \/>\n<meta name=\"twitter:label1\" content=\"Tiempo de lectura\" \/>\n\t<meta name=\"twitter:data1\" content=\"1 minuto\" \/>\n<script type=\"application\/ld+json\" class=\"yoast-schema-graph\">{\"@context\":\"https:\/\/schema.org\",\"@graph\":[{\"@type\":\"WebPage\",\"@id\":\"https:\/\/actua2011.es\/index.php\/nosotros\/\",\"url\":\"https:\/\/actua2011.es\/index.php\/nosotros\/\",\"name\":\"Nosotros - Actua 2011 s.l\",\"isPartOf\":{\"@id\":\"https:\/\/actua2011.es\/#website\"},\"primaryImageOfPage\":{\"@id\":\"https:\/\/actua2011.es\/index.php\/nosotros\/#primaryimage\"},\"image\":{\"@id\":\"https:\/\/actua2011.es\/index.php\/nosotros\/#primaryimage\"},\"thumbnailUrl\":\"https:\/\/actua2011.es\/wp-content\/uploads\/elementor\/thumbs\/home-icon-q8iter69vcmhczmgscig60a7v5tvg2orgpivhkg01u.png\",\"datePublished\":\"2023-06-26T13:08:36+00:00\",\"dateModified\":\"2023-07-28T07:33:05+00:00\",\"breadcrumb\":{\"@id\":\"https:\/\/actua2011.es\/index.php\/nosotros\/#breadcrumb\"},\"inLanguage\":\"es\",\"potentialAction\":[{\"@type\":\"ReadAction\",\"target\":[\"https:\/\/actua2011.es\/index.php\/nosotros\/\"]}]},{\"@type\":\"ImageObject\",\"inLanguage\":\"es\",\"@id\":\"https:\/\/actua2011.es\/index.php\/nosotros\/#primaryimage\",\"url\":\"https:\/\/actua2011.es\/wp-content\/uploads\/elementor\/thumbs\/home-icon-q8iter69vcmhczmgscig60a7v5tvg2orgpivhkg01u.png\",\"contentUrl\":\"https:\/\/actua2011.es\/wp-content\/uploads\/elementor\/thumbs\/home-icon-q8iter69vcmhczmgscig60a7v5tvg2orgpivhkg01u.png\"},{\"@type\":\"BreadcrumbList\",\"@id\":\"https:\/\/actua2011.es\/index.php\/nosotros\/#breadcrumb\",\"itemListElement\":[{\"@type\":\"ListItem\",\"position\":1,\"name\":\"Portada\",\"item\":\"https:\/\/actua2011.es\/\"},{\"@type\":\"ListItem\",\"position\":2,\"name\":\"Nosotros\"}]},{\"@type\":\"WebSite\",\"@id\":\"https:\/\/actua2011.es\/#website\",\"url\":\"https:\/\/actua2011.es\/\",\"name\":\"Actua 2011\",\"description\":\"Reformas en general Viladecans\",\"publisher\":{\"@id\":\"https:\/\/actua2011.es\/#organization\"},\"alternateName\":\"Reformas en Viladecans\",\"potentialAction\":[{\"@type\":\"SearchAction\",\"target\":{\"@type\":\"EntryPoint\",\"urlTemplate\":\"https:\/\/actua2011.es\/?s={search_term_string}\"},\"query-input\":{\"@type\":\"PropertyValueSpecification\",\"valueRequired\":true,\"valueName\":\"search_term_string\"}}],\"inLanguage\":\"es\"},{\"@type\":\"Organization\",\"@id\":\"https:\/\/actua2011.es\/#organization\",\"name\":\"Actua 2011 s.l\",\"url\":\"https:\/\/actua2011.es\/\",\"logo\":{\"@type\":\"ImageObject\",\"inLanguage\":\"es\",\"@id\":\"https:\/\/actua2011.es\/#\/schema\/logo\/image\/\",\"url\":\"https:\/\/actua2011.es\/wp-content\/uploads\/2019\/11\/Logo_Web.png\",\"contentUrl\":\"https:\/\/actua2011.es\/wp-content\/uploads\/2019\/11\/Logo_Web.png\",\"width\":340,\"height\":120,\"caption\":\"Actua 2011 s.l\"},\"image\":{\"@id\":\"https:\/\/actua2011.es\/#\/schema\/logo\/image\/\"},\"sameAs\":[\"https:\/\/www.facebook.com\/www.actua2011.es\/?locale=es_ES\"]}]}<\/script>\n<!-- \/ Yoast SEO plugin. -->","yoast_head_json":{"title":"Nosotros - Actua 2011 s.l","robots":{"index":"index","follow":"follow","max-snippet":"max-snippet:-1","max-image-preview":"max-image-preview:large","max-video-preview":"max-video-preview:-1"},"canonical":"https:\/\/actua2011.es\/index.php\/nosotros\/","og_locale":"es_ES","og_type":"article","og_title":"Nosotros - Actua 2011 s.l","og_description":"Nosotros Actua 2011 Obres i Serveis, S.L. Soy Miguel Angel Responsable de la Empresa ACTUA 2011 Obres i Serveis, S.L. y tu principal contacto cuando necesites realizar una reforma. Nos enorgullece contar con una dilatada experiencia en el mundo de la reforma y la construcci\u00f3n en general y con un equipo t\u00e9cnico especializado que est\u00e1 &hellip; Continue reading Nosotros","og_url":"https:\/\/actua2011.es\/index.php\/nosotros\/","og_site_name":"Actua 2011 s.l","article_publisher":"https:\/\/www.facebook.com\/www.actua2011.es\/?locale=es_ES","article_modified_time":"2023-07-28T07:33:05+00:00","og_image":[{"url":"https:\/\/actua2011.es\/wp-content\/uploads\/elementor\/thumbs\/home-icon-q8iter69vcmhczmgscig60a7v5tvg2orgpivhkg01u.png"}],"twitter_card":"summary_large_image","twitter_misc":{"Tiempo de lectura":"1 minuto"},"schema":{"@context":"https:\/\/schema.org","@graph":[{"@type":"WebPage","@id":"https:\/\/actua2011.es\/index.php\/nosotros\/","url":"https:\/\/actua2011.es\/index.php\/nosotros\/","name":"Nosotros - Actua 2011 s.l","isPartOf":{"@id":"https:\/\/actua2011.es\/#website"},"primaryImageOfPage":{"@id":"https:\/\/actua2011.es\/index.php\/nosotros\/#primaryimage"},"image":{"@id":"https:\/\/actua2011.es\/index.php\/nosotros\/#primaryimage"},"thumbnailUrl":"https:\/\/actua2011.es\/wp-content\/uploads\/elementor\/thumbs\/home-icon-q8iter69vcmhczmgscig60a7v5tvg2orgpivhkg01u.png","datePublished":"2023-06-26T13:08:36+00:00","dateModified":"2023-07-28T07:33:05+00:00","breadcrumb":{"@id":"https:\/\/actua2011.es\/index.php\/nosotros\/#breadcrumb"},"inLanguage":"es","potentialAction":[{"@type":"ReadAction","target":["https:\/\/actua2011.es\/index.php\/nosotros\/"]}]},{"@type":"ImageObject","inLanguage":"es","@id":"https:\/\/actua2011.es\/index.php\/nosotros\/#primaryimage","url":"https:\/\/actua2011.es\/wp-content\/uploads\/elementor\/thumbs\/home-icon-q8iter69vcmhczmgscig60a7v5tvg2orgpivhkg01u.png","contentUrl":"https:\/\/actua2011.es\/wp-content\/uploads\/elementor\/thumbs\/home-icon-q8iter69vcmhczmgscig60a7v5tvg2orgpivhkg01u.png"},{"@type":"BreadcrumbList","@id":"https:\/\/actua2011.es\/index.php\/nosotros\/#breadcrumb","itemListElement":[{"@type":"ListItem","position":1,"name":"Portada","item":"https:\/\/actua2011.es\/"},{"@type":"ListItem","position":2,"name":"Nosotros"}]},{"@type":"WebSite","@id":"https:\/\/actua2011.es\/#website","url":"https:\/\/actua2011.es\/","name":"Actua 2011","description":"Reformas en general Viladecans","publisher":{"@id":"https:\/\/actua2011.es\/#organization"},"alternateName":"Reformas en Viladecans","potentialAction":[{"@type":"SearchAction","target":{"@type":"EntryPoint","urlTemplate":"https:\/\/actua2011.es\/?s={search_term_string}"},"query-input":{"@type":"PropertyValueSpecification","valueRequired":true,"valueName":"search_term_string"}}],"inLanguage":"es"},{"@type":"Organization","@id":"https:\/\/actua2011.es\/#organization","name":"Actua 2011 s.l","url":"https:\/\/actua2011.es\/","logo":{"@type":"ImageObject","inLanguage":"es","@id":"https:\/\/actua2011.es\/#\/schema\/logo\/image\/","url":"https:\/\/actua2011.es\/wp-content\/uploads\/2019\/11\/Logo_Web.png","contentUrl":"https:\/\/actua2011.es\/wp-content\/uploads\/2019\/11\/Logo_Web.png","width":340,"height":120,"caption":"Actua 2011 s.l"},"image":{"@id":"https:\/\/actua2011.es\/#\/schema\/logo\/image\/"},"sameAs":["https:\/\/www.facebook.com\/www.actua2011.es\/?locale=es_ES"]}]}},"_links":{"self":[{"href":"https:\/\/actua2011.es\/index.php\/wp-json\/wp\/v2\/pages\/4060","targetHints":{"allow":["GET"]}}],"collection":[{"href":"https:\/\/actua2011.es\/index.php\/wp-json\/wp\/v2\/pages"}],"about":[{"href":"https:\/\/actua2011.es\/index.php\/wp-json\/wp\/v2\/types\/page"}],"author":[{"embeddable":true,"href":"https:\/\/actua2011.es\/index.php\/wp-json\/wp\/v2\/users\/1"}],"replies":[{"embeddable":true,"href":"https:\/\/actua2011.es\/index.php\/wp-json\/wp\/v2\/comments?post=4060"}],"version-history":[{"count":13,"href":"https:\/\/actua2011.es\/index.php\/wp-json\/wp\/v2\/pages\/4060\/revisions"}],"predecessor-version":[{"id":4224,"href":"https:\/\/actua2011.es\/index.php\/wp-json\/wp\/v2\/pages\/4060\/revisions\/4224"}],"wp:attachment":[{"href":"https:\/\/actua2011.es\/index.php\/wp-json\/wp\/v2\/media?parent=4060"}],"curies":[{"name":"wp","href":"https:\/\/api.w.org\/{rel}","templated":true}]}}